{"id":30,"date":"2022-01-06T09:13:24","date_gmt":"2022-01-06T09:13:24","guid":{"rendered":"http:\/\/azura-verein.de\/?page_id=30"},"modified":"2024-03-03T20:24:44","modified_gmt":"2024-03-03T19:24:44","slug":"startseite","status":"publish","type":"page","link":"https:\/\/azura-verein.de\/startseite\/","title":{"rendered":"Startseite"},"content":{"rendered":"\t\t<div data-elementor-type=\"wp-page\" data-elementor-id=\"30\" class=\"elementor elementor-30\">\n\t\t\t\t\t\t<section class=\"elementor-section elementor-top-section elementor-element elementor-element-60a8cf87 elementor-section-boxed elementor-section-height-default elementor-section-height-default\" data-id=\"60a8cf87\" data-element_type=\"section\" data-e-type=\"section\">\n\t\t\t\t\t\t<div class=\"elementor-container elementor-column-gap-default\">\n\t\t\t\t\t<div class=\"elementor-column elementor-col-100 elementor-top-column elementor-element elementor-element-661ef697\" data-id=\"661ef697\" data-element_type=\"column\" data-e-type=\"column\">\n\t\t\t<div class=\"elementor-widget-wrap elementor-element-populated\">\n\t\t\t\t\t\t<div class=\"elementor-element elementor-element-b74f14c elementor-widget elementor-widget-text-editor\" data-id=\"b74f14c\" data-element_type=\"widget\" data-e-type=\"widget\" data-widget_type=\"text-editor.default\">\n\t\t\t\t<div class=\"elementor-widget-container\">\n\t\t\t\t\t\t\t\t\t<h3><span style=\"color: #000080;\">ALLIANZ \u00a0\u00a0 ZUR\u00a0\u00a0 AUSBILDUNG<\/span><\/h3><p style=\"text-align: left;\"><span style=\"color: #000080;\">Der\u00a0<strong>A<\/strong>zur<strong>A<\/strong> Ausbildungsverein e.V. ist eine Einrichtung der Bildung. Er dient der F\u00f6rderung der allgemeinen, beruflichen und pers\u00f6nlichen Bildung und orientiert sich dabei in besonderer Weise an den Erfordernissen f\u00fcr den \u00dcbergang von der Schule in die Ausbildung. Besondere Zielgruppen sind Sch\u00fclerinnen und Sch\u00fcler, sowie regional verortete Betriebe im Landkreis Cuxhaven,<\/span><\/p><p style=\"text-align: left;\"><span style=\"color: #000080;\">Unser Ausbildungsverein unterst\u00fctzt Betriebe bei der Suche nach geeigneten Auszubildenden. Durch eine direkte Arbeit an einigen Schulen, organisieren wir Fahrten mit dem <span style=\"text-decoration: underline;\"><span style=\"color: #ff0000; text-decoration: underline;\">Bewerberbus<\/span><\/span>\u00a0 zu Ausbildungsbetrieben &#8211; nach Absprache &#8211; und nehmen so den Jugendlichen die Scheu vor dem ersten Kontakt und reduzieren so die Hemmschwelle. Das f\u00fchrt zu ersten &#8216;<strong><span style=\"text-decoration: underline;\">Klebeefekten<\/span><\/strong>&#8216;, so dass sich daraus oft Praktika ergeben, damit sich beide Seiten besser Kennenlernen.<\/span><\/p><h6>\u00a0<\/h6><h3><span style=\"color: #000080;\">ALLIANZ\u00a0 ZUR \u00a0AUSBILDUNG<\/span><br \/><span style=\"color: #b5192c;\">Unser Bewerberbus<\/span><\/h3><p><span style=\"color: #000080;\">Der <strong>A<\/strong>zur<strong>A<\/strong> Ausbildungsverein e.V. ist eine Einrichtung der Bildung. <span style=\"text-decoration: underline;\">Schon 2021 fuhr der Bewerberbus mehrmals von einigen Schulen in Cuxhaven<\/span> mit Sch\u00fclerinnen und Sch\u00fclern der 9. und 10. Klassen zu Ausbildungsbetrieben in Cuxhaven in Kooperation mit AzurA und den beteiligten Schulen. Die Betriebe kamen aus den Bereichen Dienstleistung, Technik, Gastronomie, Hafenwirtschaft, Seefahrt und Fitness.<\/span><\/p><p><span style=\"color: #000080;\">Seit dem 17.08.2023 gibt es f\u00fcr ein Jahr befristet eine <strong>Kooperation mit der Agentur f\u00fcr Arbeit<\/strong>, um die Berufsorientierung auch mit Hilfe des Bewerberbusses in Cuxhaven und Otterndorf f\u00fcr die Sch\u00fcler*innen durch organisierte Betriebsbesuche bei den potentiellen Ausbildungsbetrieben durchzuf\u00fchren. Die Firmen werden in die Planung mit eingebunden, damit die 2-4 Sch\u00fcler*innen w\u00e4hrend des Aufenthaltes von ca. 2 Stunden vor Ort eine optimale Betreuung erhalten und durch den Betrieb gef\u00fchrt werden, um den m\u00f6glichen Ausbildungsplatz kennenzulernen. Bei Interesse k\u00f6nnen die Sch\u00fcler*innen auch direkt nach der M\u00f6glichkeit eines Praktikums fragen, damit sich beide Seiten noch besser kennenlernen k\u00f6nnen.<\/span><\/p><p><span style=\"color: #000080;\">Er dient der F\u00f6rderung der allgemeinen, beruflichen und pers\u00f6nlichen Bildung und orientiert sich dabei in besonderer Weise an den Erfordernissen f\u00fcr den \u00dcbergang von der Schule in den Beruf. Besondere Zielgruppen sind Sch\u00fclerinnen und Sch\u00fcler, sowie regional verortete Betriebe.<\/span><\/p><p><span style=\"color: #000080;\">Unser Ausbildungsverein unterst\u00fctzt Betriebe bei der Suche nach geeigneten Auszubildenden. Durch eine direkte Ansprache in den Schulen informieren wir dazu intensiv und direkt \u00fcber Ausbildungsberufe und Ausbildungsbetriebe.<\/span><\/p><p><img fetchpriority=\"high\" decoding=\"async\" class=\"aligncenter\" title=\"group-of-asian-and-multiethnic-business-people-with-casual-suit-working.jpg\" src=\"http:\/\/azura-verein.de\/wp-content\/uploads\/2022\/02\/group-of-asian-and-multiethnic-business-people-with-casual-suit-working.jpg\" alt=\"group-of-asian-and-multiethnic-business-people-with-casual-suit-working.jpg\" width=\"372\" height=\"248\" \/><\/p><h4><span style=\"color: #000080;\">EINE AUSBILDUNG IST DER BESTE WEG SEINE ZUKUNFT ZU SICHERN!<\/span><\/h4><p><span style=\"color: #000080;\">Interessierte Betriebe k\u00f6nnen sich \u00fcber<span style=\"color: #b5192c;\"><a style=\"color: #b5192c;\" href=\"mailto:info@azura-verein.de\" target=\"_self\" rel=\"noopener\"><strong> info@azura-verein.de<\/strong> <\/a><\/span>mit dem AzurA Ausbildungsverein e.V. in Verbindung zu setzen. Wir freuen uns auf Sie!<\/span><\/p><h5><span style=\"color: #000080;\">Projekt <span style=\"color: #b5192c;\">Bewerberbus<\/span> mit der Agentur f\u00fcr Arbeit<\/span><\/h5><p><span style=\"color: #000080;\">Ab dem 17.08.2023 haben wir mit dem <strong>Bewerberbus ein Projekt<\/strong> f\u00fcr ein Jahr mit der Agentur f\u00fcr Arbeit, um die Berufsorientierung zu unterst\u00fctzen. Wir sind im November 2023 und im M\u00e4rz 2024 wieder mit dem Bewerberbus unterwegs gewesen. Sch\u00fcler und Sch\u00fclerinnen haben nach Absprache zahlreiche Betriebe f\u00fcr ca. 2 Stunden zum gegenseitigen\u00a0 Kennenlernen &#8211; meistens zu zweit oder zu dritt &#8211; besucht. <\/span><\/p><p><span style=\"color: #000080;\">Mit dem <span style=\"text-decoration: underline;\"><span style=\"color: #ff0000; text-decoration: underline;\">Bewerberbus<\/span><\/span> fahren wir mit Sch\u00fcler*innen in Cuxhaven und Otterndorf nach Absprache zu potentiellen Ausbildungsbetrieben.<\/span><\/p><h5><span style=\"color: #000080;\">Matching<\/span><\/h5><p><span style=\"color: #000080;\">Wir helfen Betrieben bei der zielgerichteten Besetzung von Ausbildungspl\u00e4tzen und Sch\u00fcler*innen Ihren Ausbildungsbetrieb zu finden.<\/span><\/p><h5><span style=\"color: #000080;\">Wie arbeiten wir?<\/span><\/h5><p><span style=\"color: #000080;\">Wir m\u00f6chten durch unser Engagement gemeinsam mit den regionalen Arbeitgebern dem Fachkr\u00e4ftemangel durch ein innovatives Ausbildungsmarketing und Berufsorientierung entgegenwirken. Ziel ist die St\u00e4rkung der dualen Berufsausbildung im Landkreis Cuxhaven.<\/span><\/p><h5><span style=\"color: #000080;\">Schreib&#8217; an AzurA und wir melden uns &#8211; nat\u00fcrlich kostenlos &#8211; zur\u00fcck.<\/span><\/h5><p><span style=\"color: #000080;\">Erfahrung einer ehemaligen Auszubildenen:<\/span><\/p><p style=\"text-align: center;\"><style>\/*! elementor - v3.15.0 - 20-08-2023 *\/<br \/>@charset \"UTF-8\";.elementor-star-rating{color:#ccd6df;font-family:eicons;display:inline-block}.elementor-star-rating i{display:inline-block;position:relative;font-style:normal;cursor:default}.elementor-star-rating i:before{content:\"e934\";display:block;font-size:inherit;font-family:inherit;position:absolute;overflow:hidden;color:#f0ad4e;top:0;left:0}.elementor-star-rating .elementor-star-empty:before{content:none}.elementor-star-rating .elementor-star-1:before{width:10%}.elementor-star-rating .elementor-star-2:before{width:20%}.elementor-star-rating .elementor-star-3:before{width:30%}.elementor-star-rating .elementor-star-4:before{width:40%}.elementor-star-rating .elementor-star-5:before{width:50%}.elementor-star-rating .elementor-star-6:before{width:60%}.elementor-star-rating .elementor-star-7:before{width:70%}.elementor-star-rating .elementor-star-8:before{width:80%}.elementor-star-rating .elementor-star-9:before{width:90%}.elementor-star-rating__wrapper{display:flex;align-items:center}.elementor-star-rating__title{margin-right:10px}.elementor-star-rating--align-right .elementor-star-rating__wrapper{text-align:right;justify-content:flex-end}.elementor-star-rating--align-left .elementor-star-rating__wrapper{text-align:left;justify-content:flex-start}.elementor-star-rating--align-center .elementor-star-rating__wrapper{text-align:center;justify-content:center}.elementor-star-rating--align-justify .elementor-star-rating__title{margin-right:auto}@media (max-width:1024px){.elementor-star-rating-tablet--align-right .elementor-star-rating__wrapper{text-align:right;justify-content:flex-end}.elementor-star-rating-tablet--align-left .elementor-star-rating__wrapper{text-align:left;justify-content:flex-start}.elementor-star-rating-tablet--align-center .elementor-star-rating__wrapper{text-align:center;justify-content:center}.elementor-star-rating-tablet--align-justify .elementor-star-rating__title{margin-right:auto}}@media (max-width:767px){.elementor-star-rating-mobile--align-right .elementor-star-rating__wrapper{text-align:right;justify-content:flex-end}.elementor-star-rating-mobile--align-left .elementor-star-rating__wrapper{text-align:left;justify-content:flex-start}.elementor-star-rating-mobile--align-center .elementor-star-rating__wrapper{text-align:center;justify-content:center}.elementor-star-rating-mobile--align-justify .elementor-star-rating__title{margin-right:auto}}.last-star{letter-spacing:0}.elementor--star-style-star_unicode .elementor-star-rating{font-family:Arial,Helvetica,sans-serif}.elementor--star-style-star_unicode .elementor-star-rating i:not(.elementor-star-empty):before{content:\"\u2605\"}<\/style><\/p><p><span style=\"color: #000080;\"><img decoding=\"async\" class=\"\" src=\"http:\/\/azura-verein.de\/wp-content\/uploads\/2022\/02\/P22478265D4009296G.jpeg\" alt=\"Insa Wieberneit\" width=\"208\" height=\"255\" \/><\/span><br \/><span style=\"color: #000080;\"><cite><strong>Insa Wieberneit<\/strong><i>, <\/i>Schifffahrtskauffrau bei BREB GmbH &amp; Co. KG Cuxhaven<\/cite><\/span><br \/><span style=\"color: #3366ff;\"><em>Ich habe mich f\u00fcr die Ausbildung zur Schifffahrtskauffrau entschieden, da sie sehr abwechslungsreich und international orientiert ist. Bei der Planung und Organisation des Transportes von G\u00fctern \u00fcber See steht man immer in regelm\u00e4\u00dfigen Kontakt zu Menschen auf der ganzen Welt. <\/em><\/span><span style=\"color: #3366ff;\"><em>Du bist interessiert an der internationalen Wirtschaft? Du m\u00f6chtest einen zukunftsorientierten und anspruchsvollen Beruf in einer wachsenden Branche erlernen? Dann bist du genau richtig!<\/em><\/span><\/p>\t\t\t\t\t\t\t\t<\/div>\n\t\t\t\t<\/div>\n\t\t\t\t\t<\/div>\n\t\t<\/div>\n\t\t\t\t\t<\/div>\n\t\t<\/section>\n\t\t\t\t<\/div>\n\t\t","protected":false},"excerpt":{"rendered":"<p>ALLIANZ \u00a0\u00a0 ZUR\u00a0\u00a0 AUSBILDUNG Der\u00a0AzurA Ausbildungsverein e.V. ist eine Einrichtung der Bildung. Er dient der F\u00f6rderung der allgemeinen, beruflichen und pers\u00f6nlichen Bildung und orientiert sich dabei in besonderer Weise an&hellip;&nbsp;<a href=\"https:\/\/azura-verein.de\/startseite\/\" rel=\"bookmark\">Weiterlesen &raquo;<span class=\"screen-reader-text\">Startseite<\/span><\/a><\/p>\n","protected":false},"author":2,"featured_media":0,"parent":0,"menu_order":0,"comment_status":"closed","ping_status":"closed","template":"","meta":{"neve_meta_sidebar":"","neve_meta_container":"","neve_meta_enable_content_width":"","neve_meta_content_width":0,"neve_meta_title_alignment":"","neve_meta_author_avatar":"","neve_post_elements_order":"","neve_meta_disable_header":"","neve_meta_disable_footer":"","neve_meta_disable_title":"","footnotes":""},"class_list":["post-30","page","type-page","status-publish","hentry"],"_links":{"self":[{"href":"https:\/\/azura-verein.de\/startseite\/wp-json\/wp\/v2\/pages\/30","targetHints":{"allow":["GET"]}}],"collection":[{"href":"https:\/\/azura-verein.de\/startseite\/wp-json\/wp\/v2\/pages"}],"about":[{"href":"https:\/\/azura-verein.de\/startseite\/wp-json\/wp\/v2\/types\/page"}],"author":[{"embeddable":true,"href":"https:\/\/azura-verein.de\/startseite\/wp-json\/wp\/v2\/users\/2"}],"replies":[{"embeddable":true,"href":"https:\/\/azura-verein.de\/startseite\/wp-json\/wp\/v2\/comments?post=30"}],"version-history":[{"count":229,"href":"https:\/\/azura-verein.de\/startseite\/wp-json\/wp\/v2\/pages\/30\/revisions"}],"predecessor-version":[{"id":1626,"href":"https:\/\/azura-verein.de\/startseite\/wp-json\/wp\/v2\/pages\/30\/revisions\/1626"}],"wp:attachment":[{"href":"https:\/\/azura-verein.de\/startseite\/wp-json\/wp\/v2\/media?parent=30"}],"curies":[{"name":"wp","href":"https:\/\/api.w.org\/{rel}","templated":true}]}}