{"id":39,"date":"2022-01-06T12:22:08","date_gmt":"2022-01-06T12:22:08","guid":{"rendered":"http:\/\/azura-verein.de\/?page_id=39"},"modified":"2023-08-30T00:13:12","modified_gmt":"2023-08-29T23:13:12","slug":"bewerberschiff","status":"publish","type":"page","link":"https:\/\/azura-verein.de\/startseite\/bewerberschiff\/","title":{"rendered":"Bewerberschiff"},"content":{"rendered":"<style>\/*! elementor - v3.15.0 - 09-08-2023 *\/<br \/>\n.elementor-heading-title{padding:0;margin:0;line-height:1}.elementor-widget-heading .elementor-heading-title[class*=elementor-size-]>a{color:inherit;font-size:inherit;line-height:inherit}.elementor-widget-heading .elementor-heading-title.elementor-size-small{font-size:15px}.elementor-widget-heading .elementor-heading-title.elementor-size-medium{font-size:19px}.elementor-widget-heading .elementor-heading-title.elementor-size-large{font-size:29px}.elementor-widget-heading .elementor-heading-title.elementor-size-xl{font-size:39px}.elementor-widget-heading .elementor-heading-title.elementor-size-xxl{font-size:59px}<\/style>\n<h4>BEWERBER-SCHIFF<\/h4>\n<style>\/*! elementor - v3.15.0 - 09-08-2023 *\/<br \/>\n.elementor-widget-image{text-align:center}.elementor-widget-image a{display:inline-block}.elementor-widget-image a img[src$=\".svg\"]{width:48px}.elementor-widget-image img{vertical-align:middle;display:inline-block}<\/style>\n<p>\t\t\t\t\t\t\t\t\t\t\t\t<img loading=\"lazy\" decoding=\"async\" width=\"1024\" height=\"680\" src=\"http:\/\/azura-verein.de\/wp-content\/uploads\/2022\/02\/Bew.Schiff_Wulf_CN_16.03.2021-2-1024x680.jpg\" alt=\"\" loading=\"lazy\" srcset=\"https:\/\/azura-verein.de\/wp-content\/uploads\/2022\/02\/Bew.Schiff_Wulf_CN_16.03.2021-2-1024x680.jpg 1024w, https:\/\/azura-verein.de\/wp-content\/uploads\/2022\/02\/Bew.Schiff_Wulf_CN_16.03.2021-2-300x199.jpg 300w, https:\/\/azura-verein.de\/wp-content\/uploads\/2022\/02\/Bew.Schiff_Wulf_CN_16.03.2021-2-768x510.jpg 768w, https:\/\/azura-verein.de\/wp-content\/uploads\/2022\/02\/Bew.Schiff_Wulf_CN_16.03.2021-2-1536x1020.jpg 1536w, https:\/\/azura-verein.de\/wp-content\/uploads\/2022\/02\/Bew.Schiff_Wulf_CN_16.03.2021-2-2048x1360.jpg 2048w\" sizes=\"auto, (max-width: 1024px) 100vw, 1024px\" \/><\/p>\n<p><strong>BEWERBERSCHIFF<\/strong><\/p>\n<h2>HYBRID AUF KURS!<\/h2>\n<p>Das Projekt ist beendet.<\/p>\n<p>Das Konzept richtete sich bis zum 30.06.2023 an Arbeitgeber im maritimen Umfeld.<br \/>\nEs befasste sich mit dem Ausbildungsmarketing von Unternehmen, die in unterschiedlichen Berufen im maritimen Arbeitsbereich ausbilden, in Zukunft eine Ausbildung planen oder ihr bereits bestehendes Engagement in diesem Bereich erweitern wollten. Es folgte damit dem Jobstarter-plus Projekt \u201eAllianz zur Ausbildung\u201c (AzurA) der Volkshochschule im Landkreis Cuxhaven e.V.\u00a0 und war Bestandteil des Teilprojektes \u201eMatching durch Schul-\/Betriebsbesuche\u201c.<\/p>\n<p><img loading=\"lazy\" decoding=\"async\" width=\"1440\" height=\"1920\" src=\"http:\/\/azura-verein.de\/wp-content\/uploads\/2022\/02\/cuxhaven-g8aec905ae_1920.jpg\" alt=\"\" loading=\"lazy\" srcset=\"https:\/\/azura-verein.de\/wp-content\/uploads\/2022\/02\/cuxhaven-g8aec905ae_1920.jpg 1440w, https:\/\/azura-verein.de\/wp-content\/uploads\/2022\/02\/cuxhaven-g8aec905ae_1920-225x300.jpg 225w, https:\/\/azura-verein.de\/wp-content\/uploads\/2022\/02\/cuxhaven-g8aec905ae_1920-768x1024.jpg 768w, https:\/\/azura-verein.de\/wp-content\/uploads\/2022\/02\/cuxhaven-g8aec905ae_1920-1152x1536.jpg 1152w\" sizes=\"auto, (max-width: 1440px) 100vw, 1440px\" \/><\/p>\n<p style=\"text-align: center;\">IHR ANSPRECHPARTNER<\/p>\n<h2>THOMAS WEBER<\/h2>\n<link rel=\"stylesheet\" href=\"https:\/\/azura-verein.de\/wp-content\/plugins\/elementor\/assets\/css\/widget-icon-list.min.css\">\n<ul>\n<li>\n\t\t\t\t\t\t\t\t\t\t\t<a href=\"http:\/\/t.weber@azura-verein.de\"><br \/>\nt.weber@azura-verein.de<br \/>\n<\/a><\/li>\n<li>\n\t\t\t\t\t\t\t\t\t\t0174 380 468 2<\/li>\n<\/ul>\n<p><img decoding=\"async\" src=\"http:\/\/azura-verein.de\/wp-content\/uploads\/elementor\/thumbs\/container-ship-gac5d33e14_1920-pkgev4uou3d5bg6spi8lwcfew8lsxhpk18up3e5pwm.jpg\" title=\"container-ship-gac5d33e14_1920\" alt=\"container-ship-gac5d33e14_1920\" loading=\"lazy\" \/>\n\t\t\t \t<link rel=\"stylesheet\" href=\"https:\/\/azura-verein.de\/wp-content\/plugins\/elementor-pro\/assets\/css\/widget-animated-headline.min.css\">\n<h3>\n\t\t\t\t\t\u00dcber das Transferprojekt<br \/>\nBewerberschiff<\/h3>\n<p>Im Projekt Bewerberschiff erfolgt unter Leitung eines Verbundpartners die Zugangserschlie\u00dfung zur maritimen Branche. In Live abgehaltenen Videokonferenzen zwischen einem Schiff und Sch\u00fclern im Klassenverbund soll so \u00fcber die Branche informiert und auf die Vielzahl der damit verbundenen Berufe aufmerksam gemacht werden. Eine Quellenerschlie\u00dfung zur weiterf\u00fchrendem Informationsmaterial und Ansprechpartnern wird dabei bereitgestellt.<\/p>\n<p>Zu den sogenannten maritimen Berufen geh\u00f6ren Ausbildungs-berufe aus den Branchen H\u00e4fen, Offshore- und Meerestechnik, Schifffahrt, Schiffbau und Zuliefer-industrie. Obwohl viele Sch\u00fcler und ihre Familien oft bereits seit Generationen in unserer maritim gepr\u00e4gten Heimat leben, ist das Wissen um die Vielfalt der m\u00f6glichen Berufe die in diesem Wirtschaftszweig zu finden sind, leider nur oberfl\u00e4chig vorhanden oder negativ belegt. Vermeintlich modernere Berufe locken in den g\u00e4ngigen sozialen Medien. Sie vermitteln den potentiellen Bewerbern dadurch den scheinbar idealen Weg der beruflichen Anerkennung mit unbegrenzten Karrierechancen. Die Anzahl der qualifizierten Bewerbungen in den maritimen Berufen ist dagegen r\u00fcckl\u00e4ufig oder bleibt in einzelnen Berufen fast ganz aus (Quelle: Deutsches Maritime Zentrum).<\/p>\n<p>Dar\u00fcber hinaus besteht auch bei den Arbeitgebern im maritimen Wirtschaftsbereich oftmals wenig Bereitschaft, sich in der Ausbildung zu engagieren und in ihrem Betrieb einen Ausbildungsplatz einzurichten, da die in den jeweiligen Ausbildungs-rahmenpl\u00e4nen geforderten Ausbildungsinhalte nicht vollst\u00e4ndig abgebildet werden k\u00f6nnen. In diesem Konzept werden im Verbund gezielte Ma\u00dfnahmen aufgezeigt, wie dieser Missstand beseitigt werden kann und die Bewerberzahl und das Interesse an den einzelnen maritimen Ausbildungsberufen erh\u00f6ht werden soll.<\/p>\n<style>\/*! elementor-pro - v3.5.2 - 28-11-2021 *\/<br \/>\n.elementor-gallery__container{min-height:1px}.elementor-gallery-item{position:relative;overflow:hidden;display:block;text-decoration:none;border:solid var(--image-border-width) var(--image-border-color);border-radius:var(--image-border-radius)}.elementor-gallery-item__content,.elementor-gallery-item__overlay{height:100%;width:100%;position:absolute;top:0;left:0}.elementor-gallery-item__overlay{mix-blend-mode:var(--overlay-mix-blend-mode);-webkit-transition-duration:var(--overlay-transition-duration);-o-transition-duration:var(--overlay-transition-duration);transition-duration:var(--overlay-transition-duration);-webkit-transition-property:mix-blend-mode,opacity,background-color,-webkit-transform;transition-property:mix-blend-mode,opacity,background-color,-webkit-transform;-o-transition-property:mix-blend-mode,transform,opacity,background-color;transition-property:mix-blend-mode,transform,opacity,background-color;transition-property:mix-blend-mode,transform,opacity,background-color,-webkit-transform}.elementor-gallery-item__image.e-gallery-image{-webkit-transition-duration:var(--image-transition-duration);-o-transition-duration:var(--image-transition-duration);transition-duration:var(--image-transition-duration);-webkit-transition-property:-webkit-filter,-webkit-transform;transition-property:-webkit-filter,-webkit-transform;-o-transition-property:filter,transform;transition-property:filter,transform;transition-property:filter,transform,-webkit-filter,-webkit-transform}.elementor-gallery-item__content{display:-webkit-box;display:-ms-flexbox;display:flex;-webkit-box-orient:vertical;-webkit-box-direction:normal;-ms-flex-direction:column;flex-direction:column;-webkit-box-pack:var(--content-justify-content,center);-ms-flex-pack:var(--content-justify-content,center);justify-content:var(--content-justify-content,center);-webkit-box-align:center;-ms-flex-align:center;align-items:center;text-align:var(--content-text-align);padding:var(--content-padding)}.elementor-gallery-item__content>div{-webkit-transition-duration:var(--content-transition-duration);-o-transition-duration:var(--content-transition-duration);transition-duration:var(--content-transition-duration)}.elementor-gallery-item__content.elementor-gallery--sequenced-animation>div:nth-child(2){-webkit-transition-delay:calc((var(--content-transition-delay) \/ 3));-o-transition-delay:calc((var(--content-transition-delay) \/ 3));transition-delay:calc((var(--content-transition-delay) \/ 3))}.elementor-gallery-item__content.elementor-gallery--sequenced-animation>div:nth-child(3){-webkit-transition-delay:calc((var(--content-transition-delay) \/ 3) * 2);-o-transition-delay:calc((var(--content-transition-delay) \/ 3) * 2);transition-delay:calc((var(--content-transition-delay) \/ 3) * 2)}.elementor-gallery-item__content.elementor-gallery--sequenced-animation>div:nth-child(4){-webkit-transition-delay:calc((var(--content-transition-delay) \/ 3) * 3);-o-transition-delay:calc((var(--content-transition-delay) \/ 3) * 3);transition-delay:calc((var(--content-transition-delay) \/ 3) * 3)}.elementor-gallery-item__description{color:var(--description-text-color,#fff);width:100%}.elementor-gallery-item__title{color:var(--title-text-color,#fff);font-weight:700;width:100%}.elementor-gallery__titles-container{display:-webkit-box;display:-ms-flexbox;display:flex;-ms-flex-wrap:wrap;flex-wrap:wrap;-webkit-box-pack:var(--titles-container-justify-content,center);-ms-flex-pack:var(--titles-container-justify-content,center);justify-content:var(--titles-container-justify-content,center);margin-bottom:20px}.elementor-gallery__titles-container:not(.e--pointer-framed) .elementor-item:after,.elementor-gallery__titles-container:not(.e--pointer-framed) .elementor-item:before{background-color:var(--galleries-pointer-bg-color-hover)}.elementor-gallery__titles-container:not(.e--pointer-framed) .elementor-item.elementor-item-active:after,.elementor-gallery__titles-container:not(.e--pointer-framed) .elementor-item.elementor-item-active:before{background-color:var(--galleries-pointer-bg-color-active)}.elementor-gallery__titles-container.e--pointer-framed .elementor-item:before{border-color:var(--galleries-pointer-bg-color-hover);border-width:var(--galleries-pointer-border-width)}.elementor-gallery__titles-container.e--pointer-framed .elementor-item:after{border-color:var(--galleries-pointer-bg-color-hover)}.elementor-gallery__titles-container.e--pointer-framed .elementor-item.elementor-item-active:after,.elementor-gallery__titles-container.e--pointer-framed .elementor-item.elementor-item-active:before{border-color:var(--galleries-pointer-bg-color-active)}.elementor-gallery__titles-container.e--pointer-framed.e--animation-draw .elementor-item:before{border-left-width:var(--galleries-pointer-border-width);border-bottom-width:var(--galleries-pointer-border-width);border-right-width:0;border-top-width:0}.elementor-gallery__titles-container.e--pointer-framed.e--animation-draw .elementor-item:after{border-left-width:0;border-bottom-width:0;border-right-width:var(--galleries-pointer-border-width);border-top-width:var(--galleries-pointer-border-width)}.elementor-gallery__titles-container.e--pointer-framed.e--animation-corners .elementor-item:before{border-left-width:var(--galleries-pointer-border-width);border-bottom-width:0;border-right-width:0;border-top-width:var(--galleries-pointer-border-width)}.elementor-gallery__titles-container.e--pointer-framed.e--animation-corners .elementor-item:after{border-left-width:0;border-bottom-width:var(--galleries-pointer-border-width);border-right-width:var(--galleries-pointer-border-width);border-top-width:0}.elementor-gallery__titles-container .e--pointer-double-line .elementor-item:after,.elementor-gallery__titles-container .e--pointer-double-line .elementor-item:before,.elementor-gallery__titles-container .e--pointer-overline .elementor-item:before,.elementor-gallery__titles-container .e--pointer-underline .elementor-item:after{height:var(--galleries-pointer-border-width)}.elementor-gallery-title{--space-between:10px;cursor:pointer;color:#6d7882;font-weight:500;position:relative;padding:7px 14px;-webkit-transition:all .3s;-o-transition:all .3s;transition:all .3s}.elementor-gallery-title--active{color:#495157}.elementor-gallery-title:not(:last-child){margin-right:var(--space-between)}.elementor-gallery-item__title+.elementor-gallery-item__description{margin-top:var(--description-margin-top)}.e-gallery-item.elementor-gallery-item{-webkit-transition-property:all;-o-transition-property:all;transition-property:all}.e-gallery-item.elementor-animated-content .elementor-animated-item--enter-from-bottom,.e-gallery-item.elementor-animated-content .elementor-animated-item--enter-from-left,.e-gallery-item.elementor-animated-content .elementor-animated-item--enter-from-right,.e-gallery-item.elementor-animated-content .elementor-animated-item--enter-from-top,.e-gallery-item:hover .elementor-gallery__item-overlay-bg,.e-gallery-item:hover .elementor-gallery__item-overlay-content,.e-gallery-item:hover .elementor-gallery__item-overlay-content__description,.e-gallery-item:hover .elementor-gallery__item-overlay-content__title{opacity:1}a.elementor-item.elementor-gallery-title{color:var(--galleries-title-color-normal)}a.elementor-item.elementor-gallery-title.elementor-item-active,a.elementor-item.elementor-gallery-title.highlighted,a.elementor-item.elementor-gallery-title:focus,a.elementor-item.elementor-gallery-title:hover{color:var(--galleries-title-color-hover)}a.elementor-item.elementor-gallery-title.elementor-item-active{color:var(--gallery-title-color-active)}<\/style>\n<p>\t\t\t\t\t\t\t<a href=\"http:\/\/azura-verein.de\/wp-content\/uploads\/2022\/02\/csm_a1a87357-5db9-4c86-90a2-58fd3c639048_92aaf9a0d3.jpeg\" data-elementor-open-lightbox=\"yes\" data-elementor-lightbox-slideshow=\"all-52e99fe\" data-elementor-lightbox-title=\"csm_a1a87357-5db9-4c86-90a2-58fd3c639048_92aaf9a0d3\" data-e-action-hash=\"#elementor-action%3Aaction%3Dlightbox%26settings%3DeyJpZCI6Mjc1LCJ1cmwiOiJodHRwOlwvXC9henVyYS12ZXJlaW4uZGVcL3dwLWNvbnRlbnRcL3VwbG9hZHNcLzIwMjJcLzAyXC9jc21fYTFhODczNTctNWRiOS00Yzg2LTkwYTItNThmZDNjNjM5MDQ4XzkyYWFmOWEwZDMuanBlZyIsInNsaWRlc2hvdyI6ImFsbC01MmU5OWZlIn0%3D\"><br \/>\n<\/a><br \/>\n<a href=\"http:\/\/azura-verein.de\/wp-content\/uploads\/2022\/02\/csm_7417df02-6239-49aa-8229-16707fd11572_b0c029d841.jpeg\" data-elementor-open-lightbox=\"yes\" data-elementor-lightbox-slideshow=\"all-52e99fe\" data-elementor-lightbox-title=\"csm_7417df02-6239-49aa-8229-16707fd11572_b0c029d841\" data-e-action-hash=\"#elementor-action%3Aaction%3Dlightbox%26settings%3DeyJpZCI6NTYyLCJ1cmwiOiJodHRwOlwvXC9henVyYS12ZXJlaW4uZGVcL3dwLWNvbnRlbnRcL3VwbG9hZHNcLzIwMjJcLzAyXC9jc21fNzQxN2RmMDItNjIzOS00OWFhLTgyMjktMTY3MDdmZDExNTcyX2IwYzAyOWQ4NDEuanBlZyIsInNsaWRlc2hvdyI6ImFsbC01MmU5OWZlIn0%3D\"><br \/>\n<\/a><br \/>\n<a href=\"http:\/\/azura-verein.de\/wp-content\/uploads\/2022\/02\/csm_f13c6144-3f53-49f0-a3eb-accda2439201_8a87570a2b.jpeg\" data-elementor-open-lightbox=\"yes\" data-elementor-lightbox-slideshow=\"all-52e99fe\" data-elementor-lightbox-title=\"csm_f13c6144-3f53-49f0-a3eb-accda2439201_8a87570a2b\" data-e-action-hash=\"#elementor-action%3Aaction%3Dlightbox%26settings%3DeyJpZCI6NTYzLCJ1cmwiOiJodHRwOlwvXC9henVyYS12ZXJlaW4uZGVcL3dwLWNvbnRlbnRcL3VwbG9hZHNcLzIwMjJcLzAyXC9jc21fZjEzYzYxNDQtM2Y1My00OWYwLWEzZWItYWNjZGEyNDM5MjAxXzhhODc1NzBhMmIuanBlZyIsInNsaWRlc2hvdyI6ImFsbC01MmU5OWZlIn0%3D\"><br \/>\n<\/a><\/p>\n<h2>Gib hier deine \u00dcberschrift ein<\/h2>\n<h2>Gib hier deine \u00dcberschrift ein<\/h2>\n","protected":false},"excerpt":{"rendered":"<p>BEWERBER-SCHIFF BEWERBERSCHIFF HYBRID AUF KURS! Das Projekt ist beendet. Das Konzept richtete sich bis zum 30.06.2023 an Arbeitgeber im maritimen Umfeld. Es befasste sich mit dem Ausbildungsmarketing von Unternehmen, die&hellip;&nbsp;<a href=\"https:\/\/azura-verein.de\/startseite\/bewerberschiff\/\" rel=\"bookmark\">Weiterlesen &raquo;<span class=\"screen-reader-text\">Bewerberschiff<\/span><\/a><\/p>\n","protected":false},"author":2,"featured_media":0,"parent":0,"menu_order":0,"comment_status":"closed","ping_status":"closed","template":"","meta":{"neve_meta_sidebar":"","neve_meta_container":"","neve_meta_enable_content_width":"","neve_meta_content_width":0,"neve_meta_title_alignment":"","neve_meta_author_avatar":"","neve_post_elements_order":"","neve_meta_disable_header":"","neve_meta_disable_footer":"","neve_meta_disable_title":"","footnotes":""},"class_list":["post-39","page","type-page","status-publish","hentry"],"_links":{"self":[{"href":"https:\/\/azura-verein.de\/startseite\/wp-json\/wp\/v2\/pages\/39","targetHints":{"allow":["GET"]}}],"collection":[{"href":"https:\/\/azura-verein.de\/startseite\/wp-json\/wp\/v2\/pages"}],"about":[{"href":"https:\/\/azura-verein.de\/startseite\/wp-json\/wp\/v2\/types\/page"}],"author":[{"embeddable":true,"href":"https:\/\/azura-verein.de\/startseite\/wp-json\/wp\/v2\/users\/2"}],"replies":[{"embeddable":true,"href":"https:\/\/azura-verein.de\/startseite\/wp-json\/wp\/v2\/comments?post=39"}],"version-history":[{"count":109,"href":"https:\/\/azura-verein.de\/startseite\/wp-json\/wp\/v2\/pages\/39\/revisions"}],"predecessor-version":[{"id":1443,"href":"https:\/\/azura-verein.de\/startseite\/wp-json\/wp\/v2\/pages\/39\/revisions\/1443"}],"wp:attachment":[{"href":"https:\/\/azura-verein.de\/startseite\/wp-json\/wp\/v2\/media?parent=39"}],"curies":[{"name":"wp","href":"https:\/\/api.w.org\/{rel}","templated":true}]}}