{"id":907,"date":"2022-03-08T12:07:44","date_gmt":"2022-03-08T11:07:44","guid":{"rendered":"https:\/\/azura-verein.de\/startseite\/?page_id=907"},"modified":"2023-10-29T19:03:56","modified_gmt":"2023-10-29T18:03:56","slug":"aktuelles","status":"publish","type":"page","link":"https:\/\/azura-verein.de\/startseite\/aktuelles\/","title":{"rendered":"Aktionen"},"content":{"rendered":"\t\t<div data-elementor-type=\"wp-page\" data-elementor-id=\"907\" class=\"elementor elementor-907\">\n\t\t\t\t\t\t<section class=\"elementor-section elementor-top-section elementor-element elementor-element-5f2bac07 elementor-section-boxed elementor-section-height-default elementor-section-height-default\" data-id=\"5f2bac07\" data-element_type=\"section\" data-e-type=\"section\" data-settings=\"{&quot;background_background&quot;:&quot;classic&quot;}\">\n\t\t\t\t\t\t\t<div class=\"elementor-background-overlay\"><\/div>\n\t\t\t\t\t\t\t<div class=\"elementor-container elementor-column-gap-no\">\n\t\t\t\t\t<div class=\"elementor-column elementor-col-100 elementor-top-column elementor-element elementor-element-5ec5d89d\" data-id=\"5ec5d89d\" data-element_type=\"column\" data-e-type=\"column\">\n\t\t\t<div class=\"elementor-widget-wrap elementor-element-populated\">\n\t\t\t\t\t\t<div class=\"elementor-element elementor-element-86ae44b elementor-widget elementor-widget-heading\" data-id=\"86ae44b\" data-element_type=\"widget\" data-e-type=\"widget\" data-widget_type=\"heading.default\">\n\t\t\t\t<div class=\"elementor-widget-container\">\n\t\t\t\t\t<h4 class=\"elementor-heading-title elementor-size-default\">AKTUELLES<\/h4>\t\t\t\t<\/div>\n\t\t\t\t<\/div>\n\t\t\t\t\t<\/div>\n\t\t<\/div>\n\t\t\t\t\t<\/div>\n\t\t<\/section>\n\t\t\t\t<section class=\"elementor-section elementor-top-section elementor-element elementor-element-b461afb elementor-section-boxed elementor-section-height-default elementor-section-height-default\" data-id=\"b461afb\" data-element_type=\"section\" data-e-type=\"section\">\n\t\t\t\t\t\t<div class=\"elementor-container elementor-column-gap-default\">\n\t\t\t\t\t<div class=\"elementor-column elementor-col-100 elementor-top-column elementor-element elementor-element-fcb55b0\" data-id=\"fcb55b0\" data-element_type=\"column\" data-e-type=\"column\">\n\t\t\t<div class=\"elementor-widget-wrap\">\n\t\t\t\t\t\t\t<\/div>\n\t\t<\/div>\n\t\t\t\t\t<\/div>\n\t\t<\/section>\n\t\t\t\t<section class=\"elementor-section elementor-top-section elementor-element elementor-element-ce437c2 elementor-section-boxed elementor-section-height-default elementor-section-height-default\" data-id=\"ce437c2\" data-element_type=\"section\" data-e-type=\"section\">\n\t\t\t\t\t\t<div class=\"elementor-container elementor-column-gap-default\">\n\t\t\t\t\t<div class=\"elementor-column elementor-col-100 elementor-top-column elementor-element elementor-element-7f3e887\" data-id=\"7f3e887\" data-element_type=\"column\" data-e-type=\"column\">\n\t\t\t<div class=\"elementor-widget-wrap elementor-element-populated\">\n\t\t\t\t\t\t<div class=\"elementor-element elementor-element-d6b50cf elementor-widget elementor-widget-text-editor\" data-id=\"d6b50cf\" data-element_type=\"widget\" data-e-type=\"widget\" data-widget_type=\"text-editor.default\">\n\t\t\t\t<div class=\"elementor-widget-container\">\n\t\t\t\t\t\t\t\t\t<p>Unser Bewerberbus f\u00e4hrt am Mittwoch, d.<\/p><ul><li><strong>01. November 2023<\/strong> wieder in Cuxhaven, um Sch\u00fclerinnen und Sch\u00fcler der Oberschule Cuxhaven Mitte (Bleickenschule) in\u00a0\u00a0\u00a0\u00a0\u00a0\u00a0\u00a0\u00a0\u00a0\u00a0\u00a0\u00a0\u00a0\u00a0\u00a0\u00a0\u00a0\u00a0\u00a0\u00a0\u00a0\u00a0\u00a0 9 Betrieben einen Einblick in den m\u00f6glichen Ausbildungsbetrieb zu geben. Am Folgetag am<\/li><li>02. November 2023 findet in der Oberschule Cuxhaven Mitte eine Ausbildungsmesse statt, an der wir uns als Verein beteiligen. Am<\/li><li>03. November 2023 gibt es in der Schule auch ein Bewerbungstraining, um Vorstellungsgespr\u00e4che zu trainieren.<\/li><\/ul><p><strong>Seit dem 17.08.2023 haben wir als AzurA Verein gemeinsam f\u00fcr ein Jahr ein Projekt mit der Agentur f\u00fcr Arbeit, um die Berufsorientierung von Sch\u00fclern der 9. und 10. Klassen an allgemeinbildenden einigen Schulen in Cuxhaven durch den Einsatz eines Bewerberbusses zu unterst\u00fctzen.<\/strong><\/p><p>An einigen Tagen fahren wir gezielt Ausbildungsbetriebe mit dem Bewerberbus an und bringen dort Sch\u00fcler*innen f\u00fcr einige Stunden in den Betrieb, um ein beiderseitiges Kennenlernen zu erm\u00f6glichen. Der Kontakt kann zu einem vereinbarten Praktikum f\u00fchren sowie im besten Fall zum Vertragsabschluss f\u00fcr einen Ausbildungsplatz. Begleitet werden die Sch\u00fcler*innen auf der Fahrt von Lehrerinnen, Dozentinnen und Dozenten\u00a0 vom AzurA Verein.<\/p>\t\t\t\t\t\t\t\t<\/div>\n\t\t\t\t<\/div>\n\t\t\t\t\t<\/div>\n\t\t<\/div>\n\t\t\t\t\t<\/div>\n\t\t<\/section>\n\t\t\t\t<\/div>\n\t\t","protected":false},"excerpt":{"rendered":"<p>AKTUELLES Unser Bewerberbus f\u00e4hrt am Mittwoch, d. 01. November 2023 wieder in Cuxhaven, um Sch\u00fclerinnen und Sch\u00fcler der Oberschule Cuxhaven Mitte (Bleickenschule) in\u00a0\u00a0\u00a0\u00a0\u00a0\u00a0\u00a0\u00a0\u00a0\u00a0\u00a0\u00a0\u00a0\u00a0\u00a0\u00a0\u00a0\u00a0\u00a0\u00a0\u00a0\u00a0\u00a0 9 Betrieben einen Einblick in den m\u00f6glichen&hellip;&nbsp;<a href=\"https:\/\/azura-verein.de\/startseite\/aktuelles\/\" rel=\"bookmark\">Weiterlesen &raquo;<span class=\"screen-reader-text\">Aktionen<\/span><\/a><\/p>\n","protected":false},"author":2,"featured_media":0,"parent":0,"menu_order":0,"comment_status":"closed","ping_status":"closed","template":"","meta":{"neve_meta_sidebar":"","neve_meta_container":"","neve_meta_enable_content_width":"","neve_meta_content_width":0,"neve_meta_title_alignment":"","neve_meta_author_avatar":"","neve_post_elements_order":"","neve_meta_disable_header":"","neve_meta_disable_footer":"","neve_meta_disable_title":"","footnotes":""},"class_list":["post-907","page","type-page","status-publish","hentry"],"_links":{"self":[{"href":"https:\/\/azura-verein.de\/startseite\/wp-json\/wp\/v2\/pages\/907","targetHints":{"allow":["GET"]}}],"collection":[{"href":"https:\/\/azura-verein.de\/startseite\/wp-json\/wp\/v2\/pages"}],"about":[{"href":"https:\/\/azura-verein.de\/startseite\/wp-json\/wp\/v2\/types\/page"}],"author":[{"embeddable":true,"href":"https:\/\/azura-verein.de\/startseite\/wp-json\/wp\/v2\/users\/2"}],"replies":[{"embeddable":true,"href":"https:\/\/azura-verein.de\/startseite\/wp-json\/wp\/v2\/comments?post=907"}],"version-history":[{"count":23,"href":"https:\/\/azura-verein.de\/startseite\/wp-json\/wp\/v2\/pages\/907\/revisions"}],"predecessor-version":[{"id":1532,"href":"https:\/\/azura-verein.de\/startseite\/wp-json\/wp\/v2\/pages\/907\/revisions\/1532"}],"wp:attachment":[{"href":"https:\/\/azura-verein.de\/startseite\/wp-json\/wp\/v2\/media?parent=907"}],"curies":[{"name":"wp","href":"https:\/\/api.w.org\/{rel}","templated":true}]}}